{"id":1059,"date":"2024-09-09T09:18:58","date_gmt":"2024-09-09T09:18:58","guid":{"rendered":"http:\/\/kibuvitsjudo.ee\/?page_id=1059"},"modified":"2024-10-01T17:41:18","modified_gmt":"2024-10-01T15:41:18","slug":"support-us","status":"publish","type":"page","link":"https:\/\/kibuvitsjudo.ee\/et\/support-us\/","title":{"rendered":"Support Us"},"content":{"rendered":"\t\t<div data-elementor-type=\"wp-page\" data-elementor-id=\"1059\" class=\"elementor elementor-1059\" data-elementor-post-type=\"page\">\n\t\t\t\t<div class=\"elementor-element elementor-element-2d571d9 e-con-full e-flex e-con e-parent\" data-id=\"2d571d9\" data-element_type=\"container\" data-settings=\"{&quot;background_background&quot;:&quot;classic&quot;}\">\n\t\t<div class=\"elementor-element elementor-element-48ec236 e-con-full e-flex e-con e-child\" data-id=\"48ec236\" data-element_type=\"container\">\n\t\t\t\t<div class=\"elementor-element elementor-element-1e0fe2f elementor-widget elementor-widget-image\" data-id=\"1e0fe2f\" data-element_type=\"widget\" data-widget_type=\"image.default\">\n\t\t\t\t<div class=\"elementor-widget-container\">\n\t\t\t\t\t\t\t\t\t\t\t\t\t\t<a href=\"\/\">\n\t\t\t\t\t\t\t<img fetchpriority=\"high\" decoding=\"async\" width=\"440\" height=\"552\" src=\"https:\/\/kibuvitsjudo.ee\/wp-content\/uploads\/2024\/08\/Group-1.png\" class=\"attachment-large size-large wp-image-63\" alt=\"Judoklubi KIBUVITS logo\" srcset=\"https:\/\/kibuvitsjudo.ee\/wp-content\/uploads\/2024\/08\/Group-1.png 440w, https:\/\/kibuvitsjudo.ee\/wp-content\/uploads\/2024\/08\/Group-1-239x300.png 239w\" sizes=\"(max-width: 440px) 100vw, 440px\" \/>\t\t\t\t\t\t\t\t<\/a>\n\t\t\t\t\t\t\t\t\t\t\t\t\t<\/div>\n\t\t\t\t<\/div>\n\t\t\t\t<\/div>\n\t\t\t\t<div class=\"elementor-element elementor-element-e740bea text-bold elementor-widget__width-inherit elementor-widget elementor-widget-heading\" data-id=\"e740bea\" data-element_type=\"widget\" data-widget_type=\"heading.default\">\n\t\t\t\t<div class=\"elementor-widget-container\">\n\t\t\t<h2 class=\"elementor-heading-title elementor-size-default\">Toeta meie <span>judoklubi<\/span><\/h2>\t\t<\/div>\n\t\t\t\t<\/div>\n\t\t\t\t<\/div>\n\t\t<div class=\"elementor-element elementor-element-fd91ec5 e-con-full e-flex e-con e-parent\" data-id=\"fd91ec5\" data-element_type=\"container\">\n\t\t<div class=\"elementor-element elementor-element-ef221d3 e-con-full e-flex e-con e-child\" data-id=\"ef221d3\" data-element_type=\"container\">\n\t\t<div class=\"elementor-element elementor-element-c538502 e-con-full e-flex e-con e-child\" data-id=\"c538502\" data-element_type=\"container\">\n\t\t\t\t<div class=\"elementor-element elementor-element-6fbe958 text-regular elementor-widget elementor-widget-heading\" data-id=\"6fbe958\" data-element_type=\"widget\" data-widget_type=\"heading.default\">\n\t\t\t\t<div class=\"elementor-widget-container\">\n\t\t\t<h2 class=\"elementor-heading-title elementor-size-default\">Spordiklubis Kibuvits on p\u00fchendunud ja ambitsioonikad noored judokad, kellel on t\u00f5eline kirg selle spordiala vastu.\nTahame saavutada m\u00e4rkimisv\u00e4\u00e4rseid tulemusi ning soovime aidata paljudel noortel inimestel leida oma teekonda.<\/h2>\t\t<\/div>\n\t\t\t\t<\/div>\n\t\t\t\t<div class=\"elementor-element elementor-element-37270ad text-bold elementor-widget elementor-widget-heading\" data-id=\"37270ad\" data-element_type=\"widget\" data-widget_type=\"heading.default\">\n\t\t\t\t<div class=\"elementor-widget-container\">\n\t\t\t<h2 class=\"elementor-heading-title elementor-size-default\"><span>IGA TEIE TOETUS<\/span>, AITAB MEIE KLUBI <br>L\u00c4HEMALE MEIE\u00a0<span>EESM\u00c4RKIDELE<\/span><\/h2>\t\t<\/div>\n\t\t\t\t<\/div>\n\t\t\t\t<div class=\"elementor-element elementor-element-003842b elementor-widget elementor-widget-Give Form\" data-id=\"003842b\" data-element_type=\"widget\" data-widget_type=\"Give Form.default\">\n\t\t\t\t<div class=\"elementor-widget-container\">\n\t\t\t<div class=\"givewp-elementor-widget give-form-shortcode-wrap\"><div class='root-data-givewp-embed' data-form-url='https:\/\/kibuvitsjudo.ee\/?post_type=give_forms&#038;p=1543' data-form-view-url='https:\/\/kibuvitsjudo.ee\/et?givewp-route=donation-form-view&form-id=1543' data-src='https:\/\/kibuvitsjudo.ee\/et?givewp-route=donation-form-view&form-id=1543' data-givewp-embed-id='give-form-shortcode-1' data-form-format='modal' data-open-form-button='Toeta meie klubi'><\/div><\/div>\t\t<\/div>\n\t\t\t\t<\/div>\n\t\t\t\t<\/div>\n\t\t\t\t<div class=\"elementor-element elementor-element-0467f7d elementor-absolute elementor-hidden-tablet elementor-hidden-mobile elementor-widget elementor-widget-image\" data-id=\"0467f7d\" data-element_type=\"widget\" data-settings=\"{&quot;_position&quot;:&quot;absolute&quot;}\" data-widget_type=\"image.default\">\n\t\t\t\t<div class=\"elementor-widget-container\">\n\t\t\t\t\t\t\t\t\t\t\t\t\t<img decoding=\"async\" width=\"800\" height=\"785\" src=\"https:\/\/kibuvitsjudo.ee\/wp-content\/uploads\/2024\/08\/Group-16-1-1024x1005.png\" class=\"attachment-large size-large wp-image-109\" alt=\"Judoklubi KIBUVITS liikmeid\" srcset=\"https:\/\/kibuvitsjudo.ee\/wp-content\/uploads\/2024\/08\/Group-16-1-1024x1005.png 1024w, https:\/\/kibuvitsjudo.ee\/wp-content\/uploads\/2024\/08\/Group-16-1-300x294.png 300w, https:\/\/kibuvitsjudo.ee\/wp-content\/uploads\/2024\/08\/Group-16-1-768x754.png 768w, https:\/\/kibuvitsjudo.ee\/wp-content\/uploads\/2024\/08\/Group-16-1.png 1190w\" sizes=\"(max-width: 800px) 100vw, 800px\" \/>\t\t\t\t\t\t\t\t\t\t\t\t\t<\/div>\n\t\t\t\t<\/div>\n\t\t\t\t<div class=\"elementor-element elementor-element-439c94d elementor-absolute elementor-hidden-mobile elementor-hidden-tablet elementor-widget elementor-widget-image\" data-id=\"439c94d\" data-element_type=\"widget\" data-settings=\"{&quot;_position&quot;:&quot;absolute&quot;,&quot;motion_fx_motion_fx_scrolling&quot;:&quot;yes&quot;,&quot;motion_fx_rotateZ_effect&quot;:&quot;yes&quot;,&quot;motion_fx_rotateZ_speed&quot;:{&quot;unit&quot;:&quot;px&quot;,&quot;size&quot;:1,&quot;sizes&quot;:[]},&quot;motion_fx_rotateZ_affectedRange&quot;:{&quot;unit&quot;:&quot;%&quot;,&quot;size&quot;:&quot;&quot;,&quot;sizes&quot;:{&quot;start&quot;:0,&quot;end&quot;:100}},&quot;motion_fx_devices&quot;:[&quot;desktop&quot;,&quot;tablet&quot;,&quot;mobile&quot;]}\" data-widget_type=\"image.default\">\n\t\t\t\t<div class=\"elementor-widget-container\">\n\t\t\t\t\t\t\t\t\t\t\t\t\t<img decoding=\"async\" width=\"250\" height=\"250\" src=\"https:\/\/kibuvitsjudo.ee\/wp-content\/uploads\/2024\/08\/Group-5.png\" class=\"attachment-large size-large wp-image-255\" alt=\"\" srcset=\"https:\/\/kibuvitsjudo.ee\/wp-content\/uploads\/2024\/08\/Group-5.png 250w, https:\/\/kibuvitsjudo.ee\/wp-content\/uploads\/2024\/08\/Group-5-150x150.png 150w\" sizes=\"(max-width: 250px) 100vw, 250px\" \/>\t\t\t\t\t\t\t\t\t\t\t\t\t<\/div>\n\t\t\t\t<\/div>\n\t\t\t\t<div class=\"elementor-element elementor-element-0245821 elementor-absolute elementor-hidden-mobile elementor-hidden-tablet elementor-widget elementor-widget-image\" data-id=\"0245821\" data-element_type=\"widget\" data-settings=\"{&quot;_position&quot;:&quot;absolute&quot;,&quot;motion_fx_motion_fx_scrolling&quot;:&quot;yes&quot;,&quot;motion_fx_devices&quot;:[&quot;desktop&quot;,&quot;tablet&quot;,&quot;mobile&quot;]}\" data-widget_type=\"image.default\">\n\t\t\t\t<div class=\"elementor-widget-container\">\n\t\t\t\t\t\t\t\t\t\t\t\t\t<img loading=\"lazy\" decoding=\"async\" width=\"100\" height=\"100\" src=\"https:\/\/kibuvitsjudo.ee\/wp-content\/uploads\/2024\/08\/Group-49.png\" class=\"attachment-large size-large wp-image-257\" alt=\"\" \/>\t\t\t\t\t\t\t\t\t\t\t\t\t<\/div>\n\t\t\t\t<\/div>\n\t\t\t\t<\/div>\n\t\t\t\t<div class=\"elementor-element elementor-element-0a55d9a text-bold elementor-widget elementor-widget-heading\" data-id=\"0a55d9a\" data-element_type=\"widget\" data-widget_type=\"heading.default\">\n\t\t\t\t<div class=\"elementor-widget-container\">\n\t\t\t<h2 class=\"elementor-heading-title elementor-size-default\"><span>Toetus ja sponsorlus<\/span> aitavad meil: <\/h2>\t\t<\/div>\n\t\t\t\t<\/div>\n\t\t<div class=\"elementor-element elementor-element-8fa9bf2 e-con-full e-flex e-con e-child\" data-id=\"8fa9bf2\" data-element_type=\"container\">\n\t\t<div class=\"elementor-element elementor-element-60aff7d e-con-full e-flex e-con e-child\" data-id=\"60aff7d\" data-element_type=\"container\">\n\t\t\t\t<div class=\"elementor-element elementor-element-1f3cad2 text-bold elementor-widget elementor-widget-heading\" data-id=\"1f3cad2\" data-element_type=\"widget\" data-widget_type=\"heading.default\">\n\t\t\t\t<div class=\"elementor-widget-container\">\n\t\t\t<h2 class=\"elementor-heading-title elementor-size-default\"><span>\u2013<\/span> Osta kvaliteetset varustust:<\/h2>\t\t<\/div>\n\t\t\t\t<\/div>\n\t\t\t\t<div class=\"elementor-element elementor-element-9be81f8 elementor-widget elementor-widget-heading\" data-id=\"9be81f8\" data-element_type=\"widget\" data-widget_type=\"heading.default\">\n\t\t\t\t<div class=\"elementor-widget-container\">\n\t\t\t<h2 class=\"elementor-heading-title elementor-size-default\">Uue ja kaasaegse varustusega saame treeningutel ja v\u00f5istlustel paremini esineda.<\/h2>\t\t<\/div>\n\t\t\t\t<\/div>\n\t\t\t\t<\/div>\n\t\t<div class=\"elementor-element elementor-element-c70de0b e-con-full e-flex e-con e-child\" data-id=\"c70de0b\" data-element_type=\"container\">\n\t\t\t\t<div class=\"elementor-element elementor-element-36aaf5c text-bold elementor-widget elementor-widget-heading\" data-id=\"36aaf5c\" data-element_type=\"widget\" data-widget_type=\"heading.default\">\n\t\t\t\t<div class=\"elementor-widget-container\">\n\t\t\t<h2 class=\"elementor-heading-title elementor-size-default\"><span>\u2013<\/span> Osaleda treeninglaagrites ja v\u00f5istlustel:<\/h2>\t\t<\/div>\n\t\t\t\t<\/div>\n\t\t\t\t<div class=\"elementor-element elementor-element-5a6c2d5 elementor-widget elementor-widget-heading\" data-id=\"5a6c2d5\" data-element_type=\"widget\" data-widget_type=\"heading.default\">\n\t\t\t\t<div class=\"elementor-widget-container\">\n\t\t\t<h2 class=\"elementor-heading-title elementor-size-default\">Toetus aitab meil osaleda treeninglaagrites ja rahvusvahelistel v\u00f5istlustel, mis annab vajaliku kogemuse ja v\u00f5rdluse tugevate konkurentidega.<\/h2>\t\t<\/div>\n\t\t\t\t<\/div>\n\t\t\t\t<\/div>\n\t\t<div class=\"elementor-element elementor-element-6fdbe53 e-con-full e-flex e-con e-child\" data-id=\"6fdbe53\" data-element_type=\"container\">\n\t\t\t\t<div class=\"elementor-element elementor-element-8530108 text-bold elementor-widget elementor-widget-heading\" data-id=\"8530108\" data-element_type=\"widget\" data-widget_type=\"heading.default\">\n\t\t\t\t<div class=\"elementor-widget-container\">\n\t\t\t<h2 class=\"elementor-heading-title elementor-size-default\"><span>\u2013<\/span> Viia ellu uusi arenguprojekte:<\/h2>\t\t<\/div>\n\t\t\t\t<\/div>\n\t\t\t\t<div class=\"elementor-element elementor-element-483a5f4 elementor-widget elementor-widget-heading\" data-id=\"483a5f4\" data-element_type=\"widget\" data-widget_type=\"heading.default\">\n\t\t\t\t<div class=\"elementor-widget-container\">\n\t\t\t<h2 class=\"elementor-heading-title elementor-size-default\">Soovime pakkuda oma sportlastele parimaid tingimusi ja arenguv\u00f5imalusi ning toetus aitab meil ellu viia erinevaid arenguprojekte.<\/h2>\t\t<\/div>\n\t\t\t\t<\/div>\n\t\t\t\t<\/div>\n\t\t<div class=\"elementor-element elementor-element-83f3890 e-con-full e-flex e-con e-child\" data-id=\"83f3890\" data-element_type=\"container\">\n\t\t\t\t<div class=\"elementor-element elementor-element-37b7a5f text-bold elementor-widget elementor-widget-heading\" data-id=\"37b7a5f\" data-element_type=\"widget\" data-widget_type=\"heading.default\">\n\t\t\t\t<div class=\"elementor-widget-container\">\n\t\t\t<h2 class=\"elementor-heading-title elementor-size-default\"><span>\u2013<\/span> Sporti propageerida:<\/h2>\t\t<\/div>\n\t\t\t\t<\/div>\n\t\t\t\t<div class=\"elementor-element elementor-element-2fe3293 elementor-widget elementor-widget-heading\" data-id=\"2fe3293\" data-element_type=\"widget\" data-widget_type=\"heading.default\">\n\t\t\t\t<div class=\"elementor-widget-container\">\n\t\t\t<h2 class=\"elementor-heading-title elementor-size-default\">Oleme p\u00fchendunud judo populariseerimisele Eestis ning toetus aitab meil korraldada erinevaid spordi\u00fcritusi ja projekte, mis tooksid uusi noori meie alaga liituma.<\/h2>\t\t<\/div>\n\t\t\t\t<\/div>\n\t\t\t\t<\/div>\n\t\t\t\t<\/div>\n\t\t\t\t<\/div>\n\t\t<div class=\"elementor-element elementor-element-3968645 e-con-full e-flex e-con e-parent\" data-id=\"3968645\" data-element_type=\"container\" data-settings=\"{&quot;background_background&quot;:&quot;classic&quot;}\">\n\t\t\t\t<div class=\"elementor-element elementor-element-0ee3df5 text-bold elementor-widget elementor-widget-heading\" data-id=\"0ee3df5\" data-element_type=\"widget\" data-widget_type=\"heading.default\">\n\t\t\t\t<div class=\"elementor-widget-container\">\n\t\t\t<h2 class=\"elementor-heading-title elementor-size-default\">Toeta meie <span>judoklubi<\/span><\/h2>\t\t<\/div>\n\t\t\t\t<\/div>\n\t\t\t\t<div class=\"elementor-element elementor-element-d18cd9e elementor-widget elementor-widget-Give Form\" data-id=\"d18cd9e\" data-element_type=\"widget\" data-widget_type=\"Give Form.default\">\n\t\t\t\t<div class=\"elementor-widget-container\">\n\t\t\t<div class=\"givewp-elementor-widget give-form-shortcode-wrap\"><div class='root-data-givewp-embed' data-form-url='https:\/\/kibuvitsjudo.ee\/?post_type=give_forms&#038;p=1543' data-form-view-url='https:\/\/kibuvitsjudo.ee\/et?givewp-route=donation-form-view&form-id=1543' data-src='https:\/\/kibuvitsjudo.ee\/et?givewp-route=donation-form-view&form-id=1543' data-givewp-embed-id='give-form-shortcode-2' data-form-format='modal' data-open-form-button='Toeta meie klubi'><\/div><\/div>\t\t<\/div>\n\t\t\t\t<\/div>\n\t\t\t\t<\/div>\n\t\t\t\t<\/div>\n\t\t","protected":false},"excerpt":{"rendered":"<p>Toeta meie judoklubi Spordiklubis Kibuvits on p\u00fchendunud ja ambitsioonikad noored judokad, kellel on t\u00f5eline kirg selle spordiala vastu. Tahame saavutada m\u00e4rkimisv\u00e4\u00e4rseid tulemusi ning soovime aidata paljudel noortel inimestel leida oma teekonda. IGA TEIE TOETUS, AITAB MEIE KLUBI L\u00c4HEMALE MEIE\u00a0EESM\u00c4RKIDELE Toetus ja sponsorlus aitavad meil: \u2013 Osta kvaliteetset varustust: Uue ja kaasaegse varustusega saame treeningutel ja [&hellip;]<\/p>\n","protected":false},"author":1,"featured_media":0,"parent":0,"menu_order":0,"comment_status":"closed","ping_status":"closed","template":"elementor_header_footer","meta":{"_seopress_robots_primary_cat":"","_seopress_titles_title":"Toeta meie judoklubi - JUDOKLUBI KIBUVITS","_seopress_titles_desc":"Spordiklubi Kibuvits on t\u00e4is p\u00fchendunud ja ambitsioonikaid noori judokaid, kellel on t\u00f5eline kirg selle spordiala vastu.","_seopress_robots_index":"","footnotes":""},"class_list":["post-1059","page","type-page","status-publish","hentry"],"_links":{"self":[{"href":"https:\/\/kibuvitsjudo.ee\/et\/wp-json\/wp\/v2\/pages\/1059"}],"collection":[{"href":"https:\/\/kibuvitsjudo.ee\/et\/wp-json\/wp\/v2\/pages"}],"about":[{"href":"https:\/\/kibuvitsjudo.ee\/et\/wp-json\/wp\/v2\/types\/page"}],"author":[{"embeddable":true,"href":"https:\/\/kibuvitsjudo.ee\/et\/wp-json\/wp\/v2\/users\/1"}],"replies":[{"embeddable":true,"href":"https:\/\/kibuvitsjudo.ee\/et\/wp-json\/wp\/v2\/comments?post=1059"}],"version-history":[{"count":154,"href":"https:\/\/kibuvitsjudo.ee\/et\/wp-json\/wp\/v2\/pages\/1059\/revisions"}],"predecessor-version":[{"id":1693,"href":"https:\/\/kibuvitsjudo.ee\/et\/wp-json\/wp\/v2\/pages\/1059\/revisions\/1693"}],"wp:attachment":[{"href":"https:\/\/kibuvitsjudo.ee\/et\/wp-json\/wp\/v2\/media?parent=1059"}],"curies":[{"name":"wp","href":"https:\/\/api.w.org\/{rel}","templated":true}]}}